{"id":14,"date":"2023-03-12T12:22:28","date_gmt":"2023-03-12T12:22:28","guid":{"rendered":"https:\/\/multi-vision.net\/?page_id=14"},"modified":"2023-05-25T17:54:41","modified_gmt":"2023-05-25T17:54:41","slug":"leistungen","status":"publish","type":"page","link":"https:\/\/multi-vision.net\/","title":{"rendered":"Leistungen"},"content":{"rendered":"<div class=\"fusion-fullwidth fullwidth-box fusion-builder-row-1 fusion-flex-container has-pattern-background has-mask-background nonhundred-percent-fullwidth non-hundred-percent-height-scrolling\" style=\"--awb-border-radius-top-left:0px;--awb-border-radius-top-right:0px;--awb-border-radius-bottom-right:0px;--awb-border-radius-bottom-left:0px;--awb-flex-wrap:wrap;\" ><div class=\"fusion-builder-row fusion-row fusion-flex-align-items-flex-start fusion-flex-content-wrap\" style=\"max-width:1248px;margin-left: calc(-4% \/ 2 );margin-right: calc(-4% \/ 2 );\"><div class=\"fusion-layout-column fusion_builder_column fusion-builder-column-0 fusion_builder_column_1_1 1_1 fusion-flex-column\" style=\"--awb-bg-size:cover;--awb-width-large:100%;--awb-margin-top-large:0px;--awb-spacing-right-large:1.92%;--awb-margin-bottom-large:20px;--awb-spacing-left-large:1.92%;--awb-width-medium:100%;--awb-order-medium:0;--awb-spacing-right-medium:1.92%;--awb-spacing-left-medium:1.92%;--awb-width-small:100%;--awb-order-small:0;--awb-spacing-right-small:1.92%;--awb-spacing-left-small:1.92%;\"><div class=\"fusion-column-wrapper fusion-column-has-shadow fusion-flex-justify-content-flex-start fusion-content-layout-column\"><div class=\"fusion-title title fusion-title-1 fusion-sep-none fusion-title-text fusion-title-size-one\" style=\"--awb-margin-top-small:10px;--awb-margin-right-small:0px;--awb-margin-bottom-small:10px;--awb-margin-left-small:0px;\"><h1 class=\"fusion-title-heading title-heading-left\" style=\"margin:0;\">Leistungen<\/h1><\/div><div class=\"fusion-text fusion-text-1\"><p><img decoding=\"async\" class=\"alignright wp-image-73\" src=\"https:\/\/multi-vision.net\/wp-content\/uploads\/2023\/05\/PC.jpg\" alt=\"\" width=\"500\" height=\"307\" srcset=\"https:\/\/multi-vision.net\/wp-content\/uploads\/2023\/05\/PC-200x123.jpg 200w, https:\/\/multi-vision.net\/wp-content\/uploads\/2023\/05\/PC-300x184.jpg 300w, https:\/\/multi-vision.net\/wp-content\/uploads\/2023\/05\/PC-400x246.jpg 400w, https:\/\/multi-vision.net\/wp-content\/uploads\/2023\/05\/PC-600x368.jpg 600w, https:\/\/multi-vision.net\/wp-content\/uploads\/2023\/05\/PC-768x472.jpg 768w, https:\/\/multi-vision.net\/wp-content\/uploads\/2023\/05\/PC-800x491.jpg 800w, https:\/\/multi-vision.net\/wp-content\/uploads\/2023\/05\/PC.jpg 1000w\" sizes=\"(max-width: 500px) 100vw, 500px\" \/><\/p>\n<p>Sie brauchen eine moderne und professionelle Website f\u00fcr Ihr Unternehmen? Dann sind Sie bei uns genau richtig! Wir erstellen Ihnen eine ma\u00dfgeschneiderte Website, die nicht nur optisch ansprechend ist, sondern auch alle Funktionalit\u00e4ten bietet, die Sie ben\u00f6tigen.<\/p>\n<p>Wir legen gro\u00dfen Wert auf Benutzerfreundlichkeit und sorgen daf\u00fcr, dass Ihre Website auf allen Ger\u00e4ten perfekt dargestellt wird. Dabei ber\u00fccksichtigen wir auch Suchmaschinenoptimierung, damit Ihre Website bei Google und Co. gefunden wird und Sie mehr potenzielle Kunden erreichen.<\/p>\n<p>Und das Beste: Wir arbeiten schnell und zuverl\u00e4ssig, sodass Ihre neue Website schon bald online gehen kann. \u00dcberzeugen Sie sich selbst von unserem K\u00f6nnen und kontaktieren Sie uns noch heute f\u00fcr ein unverbindliches Angebot!<\/p>\n<\/div><\/div><\/div><\/div><\/div>\n","protected":false},"excerpt":{"rendered":"","protected":false},"author":2,"featured_media":0,"parent":0,"menu_order":0,"comment_status":"closed","ping_status":"closed","template":"100-width.php","meta":{"footnotes":""},"class_list":["post-14","page","type-page","status-publish","hentry"],"_links":{"self":[{"href":"https:\/\/multi-vision.net\/index.php\/wp-json\/wp\/v2\/pages\/14","targetHints":{"allow":["GET"]}}],"collection":[{"href":"https:\/\/multi-vision.net\/index.php\/wp-json\/wp\/v2\/pages"}],"about":[{"href":"https:\/\/multi-vision.net\/index.php\/wp-json\/wp\/v2\/types\/page"}],"author":[{"embeddable":true,"href":"https:\/\/multi-vision.net\/index.php\/wp-json\/wp\/v2\/users\/2"}],"replies":[{"embeddable":true,"href":"https:\/\/multi-vision.net\/index.php\/wp-json\/wp\/v2\/comments?post=14"}],"version-history":[{"count":3,"href":"https:\/\/multi-vision.net\/index.php\/wp-json\/wp\/v2\/pages\/14\/revisions"}],"predecessor-version":[{"id":74,"href":"https:\/\/multi-vision.net\/index.php\/wp-json\/wp\/v2\/pages\/14\/revisions\/74"}],"wp:attachment":[{"href":"https:\/\/multi-vision.net\/index.php\/wp-json\/wp\/v2\/media?parent=14"}],"curies":[{"name":"wp","href":"https:\/\/api.w.org\/{rel}","templated":true}]}}